{"id":1070,"date":"2021-02-26T16:11:52","date_gmt":"2021-02-26T16:11:52","guid":{"rendered":"https:\/\/avadawebsites.wpengine.com\/retail\/?page_id=1070"},"modified":"2021-02-26T16:11:52","modified_gmt":"2021-02-26T16:11:52","slug":"my-account","status":"publish","type":"page","link":"https:\/\/xn--lesppitesdesandrillon-e5b.com\/index.php\/my-account\/","title":{"rendered":"My Account"},"content":{"rendered":"<div class=\"fusion-fullwidth fullwidth-box fusion-builder-row-1 fusion-flex-container nonhundred-percent-fullwidth non-hundred-percent-height-scrolling\" style=\"--awb-border-radius-top-left:0px;--awb-border-radius-top-right:0px;--awb-border-radius-bottom-right:0px;--awb-border-radius-bottom-left:0px;--awb-flex-wrap:wrap;\" ><div class=\"fusion-builder-row fusion-row fusion-flex-align-items-flex-start fusion-flex-content-wrap\" style=\"max-width:1430px;margin-left: calc(-4% \/ 2 );margin-right: calc(-4% \/ 2 );\"><div class=\"fusion-layout-column fusion_builder_column fusion-builder-column-0 fusion_builder_column_1_1 1_1 fusion-flex-column\" style=\"--awb-bg-size:cover;--awb-width-large:100%;--awb-margin-top-large:0px;--awb-spacing-right-large:1.92%;--awb-margin-bottom-large:20px;--awb-spacing-left-large:1.92%;--awb-width-medium:100%;--awb-order-medium:0;--awb-spacing-right-medium:1.92%;--awb-spacing-left-medium:1.92%;--awb-width-small:100%;--awb-order-small:0;--awb-spacing-right-small:1.92%;--awb-spacing-left-small:1.92%;\"><div class=\"fusion-column-wrapper fusion-column-has-shadow fusion-flex-justify-content-flex-start fusion-content-layout-column\"><div class=\"fusion-text fusion-text-1\"><div class=\"woocommerce\"><\/div>\n<\/div><\/div><\/div><\/div><\/div>","protected":false},"excerpt":{"rendered":"","protected":false},"author":1,"featured_media":0,"parent":0,"menu_order":0,"comment_status":"closed","ping_status":"closed","template":"","meta":{"footnotes":""},"class_list":["post-1070","page","type-page","status-publish","hentry"],"yoast_head":"<!-- This site is optimized with the Yoast SEO plugin v27.5 - https:\/\/yoast.com\/product\/yoast-seo-wordpress\/ -->\n<title>My Account - Les p\u00e9pites de Sandrillon<\/title>\n<meta name=\"robots\" content=\"index, follow, max-snippet:-1, max-image-preview:large, max-video-preview:-1\" \/>\n<link rel=\"canonical\" href=\"https:\/\/xn--lesppitesdesandrillon-e5b.com\/index.php\/my-account\/\" \/>\n<meta property=\"og:locale\" content=\"fr_FR\" \/>\n<meta property=\"og:type\" content=\"article\" \/>\n<meta property=\"og:title\" content=\"My Account - Les p\u00e9pites de Sandrillon\" \/>\n<meta property=\"og:url\" content=\"https:\/\/xn--lesppitesdesandrillon-e5b.com\/index.php\/my-account\/\" \/>\n<meta property=\"og:site_name\" content=\"Les p\u00e9pites de Sandrillon\" \/>\n<meta name=\"twitter:card\" content=\"summary_large_image\" \/>\n<meta name=\"twitter:label1\" content=\"Dur\u00e9e de lecture estim\u00e9e\" \/>\n\t<meta name=\"twitter:data1\" content=\"2 minutes\" \/>\n<script type=\"application\/ld+json\" class=\"yoast-schema-graph\">{\"@context\":\"https:\\\/\\\/schema.org\",\"@graph\":[{\"@type\":\"WebPage\",\"@id\":\"https:\\\/\\\/xn--lesppitesdesandrillon-e5b.com\\\/index.php\\\/my-account\\\/\",\"url\":\"https:\\\/\\\/xn--lesppitesdesandrillon-e5b.com\\\/index.php\\\/my-account\\\/\",\"name\":\"My Account - Les p\u00e9pites de Sandrillon\",\"isPartOf\":{\"@id\":\"https:\\\/\\\/xn--lesppitesdesandrillon-e5b.com\\\/#website\"},\"datePublished\":\"2021-02-26T16:11:52+00:00\",\"breadcrumb\":{\"@id\":\"https:\\\/\\\/xn--lesppitesdesandrillon-e5b.com\\\/index.php\\\/my-account\\\/#breadcrumb\"},\"inLanguage\":\"fr-FR\",\"potentialAction\":[{\"@type\":\"ReadAction\",\"target\":[\"https:\\\/\\\/xn--lesppitesdesandrillon-e5b.com\\\/index.php\\\/my-account\\\/\"]}]},{\"@type\":\"BreadcrumbList\",\"@id\":\"https:\\\/\\\/xn--lesppitesdesandrillon-e5b.com\\\/index.php\\\/my-account\\\/#breadcrumb\",\"itemListElement\":[{\"@type\":\"ListItem\",\"position\":1,\"name\":\"Accueil\",\"item\":\"https:\\\/\\\/xn--lesppitesdesandrillon-e5b.com\\\/\"},{\"@type\":\"ListItem\",\"position\":2,\"name\":\"My Account\"}]},{\"@type\":\"WebSite\",\"@id\":\"https:\\\/\\\/xn--lesppitesdesandrillon-e5b.com\\\/#website\",\"url\":\"https:\\\/\\\/xn--lesppitesdesandrillon-e5b.com\\\/\",\"name\":\"Les p\u00e9pites de Sandrillon\",\"description\":\"Un site utilisant WordPress\",\"potentialAction\":[{\"@type\":\"SearchAction\",\"target\":{\"@type\":\"EntryPoint\",\"urlTemplate\":\"https:\\\/\\\/xn--lesppitesdesandrillon-e5b.com\\\/?s={search_term_string}\"},\"query-input\":{\"@type\":\"PropertyValueSpecification\",\"valueRequired\":true,\"valueName\":\"search_term_string\"}}],\"inLanguage\":\"fr-FR\"}]}<\/script>\n<!-- \/ Yoast SEO plugin. -->","yoast_head_json":{"title":"My Account - Les p\u00e9pites de Sandrillon","robots":{"index":"index","follow":"follow","max-snippet":"max-snippet:-1","max-image-preview":"max-image-preview:large","max-video-preview":"max-video-preview:-1"},"canonical":"https:\/\/xn--lesppitesdesandrillon-e5b.com\/index.php\/my-account\/","og_locale":"fr_FR","og_type":"article","og_title":"My Account - Les p\u00e9pites de Sandrillon","og_url":"https:\/\/xn--lesppitesdesandrillon-e5b.com\/index.php\/my-account\/","og_site_name":"Les p\u00e9pites de Sandrillon","twitter_card":"summary_large_image","twitter_misc":{"Dur\u00e9e de lecture estim\u00e9e":"2 minutes"},"schema":{"@context":"https:\/\/schema.org","@graph":[{"@type":"WebPage","@id":"https:\/\/xn--lesppitesdesandrillon-e5b.com\/index.php\/my-account\/","url":"https:\/\/xn--lesppitesdesandrillon-e5b.com\/index.php\/my-account\/","name":"My Account - Les p\u00e9pites de Sandrillon","isPartOf":{"@id":"https:\/\/xn--lesppitesdesandrillon-e5b.com\/#website"},"datePublished":"2021-02-26T16:11:52+00:00","breadcrumb":{"@id":"https:\/\/xn--lesppitesdesandrillon-e5b.com\/index.php\/my-account\/#breadcrumb"},"inLanguage":"fr-FR","potentialAction":[{"@type":"ReadAction","target":["https:\/\/xn--lesppitesdesandrillon-e5b.com\/index.php\/my-account\/"]}]},{"@type":"BreadcrumbList","@id":"https:\/\/xn--lesppitesdesandrillon-e5b.com\/index.php\/my-account\/#breadcrumb","itemListElement":[{"@type":"ListItem","position":1,"name":"Accueil","item":"https:\/\/xn--lesppitesdesandrillon-e5b.com\/"},{"@type":"ListItem","position":2,"name":"My Account"}]},{"@type":"WebSite","@id":"https:\/\/xn--lesppitesdesandrillon-e5b.com\/#website","url":"https:\/\/xn--lesppitesdesandrillon-e5b.com\/","name":"Les p\u00e9pites de Sandrillon","description":"Un site utilisant WordPress","potentialAction":[{"@type":"SearchAction","target":{"@type":"EntryPoint","urlTemplate":"https:\/\/xn--lesppitesdesandrillon-e5b.com\/?s={search_term_string}"},"query-input":{"@type":"PropertyValueSpecification","valueRequired":true,"valueName":"search_term_string"}}],"inLanguage":"fr-FR"}]}},"jetpack_sharing_enabled":true,"_links":{"self":[{"href":"https:\/\/xn--lesppitesdesandrillon-e5b.com\/index.php\/wp-json\/wp\/v2\/pages\/1070","targetHints":{"allow":["GET"]}}],"collection":[{"href":"https:\/\/xn--lesppitesdesandrillon-e5b.com\/index.php\/wp-json\/wp\/v2\/pages"}],"about":[{"href":"https:\/\/xn--lesppitesdesandrillon-e5b.com\/index.php\/wp-json\/wp\/v2\/types\/page"}],"author":[{"embeddable":true,"href":"https:\/\/xn--lesppitesdesandrillon-e5b.com\/index.php\/wp-json\/wp\/v2\/users\/1"}],"replies":[{"embeddable":true,"href":"https:\/\/xn--lesppitesdesandrillon-e5b.com\/index.php\/wp-json\/wp\/v2\/comments?post=1070"}],"version-history":[{"count":0,"href":"https:\/\/xn--lesppitesdesandrillon-e5b.com\/index.php\/wp-json\/wp\/v2\/pages\/1070\/revisions"}],"wp:attachment":[{"href":"https:\/\/xn--lesppitesdesandrillon-e5b.com\/index.php\/wp-json\/wp\/v2\/media?parent=1070"}],"curies":[{"name":"wp","href":"https:\/\/api.w.org\/{rel}","templated":true}]}}