{"id":2521,"date":"2021-03-09T14:52:56","date_gmt":"2021-03-09T14:52:56","guid":{"rendered":"https:\/\/avadawebsites.wpengine.com\/retail\/?page_id=2521"},"modified":"2024-07-16T21:47:25","modified_gmt":"2024-07-16T19:47:25","slug":"contact","status":"publish","type":"page","link":"https:\/\/xn--lesppitesdesandrillon-e5b.com\/index.php\/contact\/","title":{"rendered":"Contact"},"content":{"rendered":"<div class=\"fusion-fullwidth fullwidth-box fusion-builder-row-1 fusion-flex-container nonhundred-percent-fullwidth non-hundred-percent-height-scrolling\" style=\"--awb-border-radius-top-left:0px;--awb-border-radius-top-right:0px;--awb-border-radius-bottom-right:0px;--awb-border-radius-bottom-left:0px;--awb-margin-bottom:90px;--awb-flex-wrap:wrap;\" ><div class=\"fusion-builder-row fusion-row fusion-flex-align-items-flex-start fusion-flex-content-wrap\" style=\"max-width:1430px;margin-left: calc(-4% \/ 2 );margin-right: calc(-4% \/ 2 );\"><div class=\"fusion-layout-column fusion_builder_column fusion-builder-column-0 fusion_builder_column_1_3 1_3 fusion-flex-column\" style=\"--awb-padding-top:15px;--awb-bg-size:cover;--awb-width-large:33.333333333333%;--awb-margin-top-large:0px;--awb-spacing-right-large:8.64%;--awb-margin-bottom-large:0px;--awb-spacing-left-large:5.76%;--awb-width-medium:33.333333333333%;--awb-spacing-right-medium:8.64%;--awb-spacing-left-medium:5.76%;--awb-width-small:100%;--awb-order-small:1;--awb-spacing-right-small:1.92%;--awb-spacing-left-small:1.92%;\"><div class=\"fusion-column-wrapper fusion-column-has-shadow fusion-flex-justify-content-flex-start fusion-content-layout-column\"><div class=\"fusion-image-element \" style=\"--awb-caption-title-font-family:var(--h2_typography-font-family);--awb-caption-title-font-weight:var(--h2_typography-font-weight);--awb-caption-title-font-style:var(--h2_typography-font-style);--awb-caption-title-size:var(--h2_typography-font-size);--awb-caption-title-transform:var(--h2_typography-text-transform);--awb-caption-title-line-height:var(--h2_typography-line-height);--awb-caption-title-letter-spacing:var(--h2_typography-letter-spacing);\"><span class=\" fusion-imageframe imageframe-none imageframe-1 hover-type-none\"><img decoding=\"async\" width=\"600\" height=\"200\" title=\"Design sans titre (10)\" src=\"https:\/\/xn--lesppitesdesandrillon-e5b.com\/wp-content\/uploads\/2024\/07\/Design-sans-titre-10.png\" data-orig-src=\"https:\/\/xn--lesppitesdesandrillon-e5b.com\/wp-content\/uploads\/2024\/07\/Design-sans-titre-10.png\" alt class=\"lazyload img-responsive wp-image-4610\" srcset=\"data:image\/svg+xml,%3Csvg%20xmlns%3D%27http%3A%2F%2Fwww.w3.org%2F2000%2Fsvg%27%20width%3D%27600%27%20height%3D%27200%27%20viewBox%3D%270%200%20600%20200%27%3E%3Crect%20width%3D%27600%27%20height%3D%27200%27%20fill-opacity%3D%220%22%2F%3E%3C%2Fsvg%3E\" data-srcset=\"https:\/\/xn--lesppitesdesandrillon-e5b.com\/wp-content\/uploads\/2024\/07\/Design-sans-titre-10-200x67.png 200w, https:\/\/xn--lesppitesdesandrillon-e5b.com\/wp-content\/uploads\/2024\/07\/Design-sans-titre-10-400x133.png 400w, https:\/\/xn--lesppitesdesandrillon-e5b.com\/wp-content\/uploads\/2024\/07\/Design-sans-titre-10.png 600w\" data-sizes=\"auto\" data-orig-sizes=\"(max-width: 640px) 100vw, 600px\" \/><\/span><\/div><div class=\"fusion-text fusion-text-1\"><p>N&rsquo;h\u00e9sitez-pas \u00e0 poser vos questions ou me contacter pour en savoir plus sur les produits, vos commandes et la marque.<\/p>\n<\/div><div class=\"fusion-title title fusion-title-1 fusion-sep-none fusion-title-text fusion-title-size-two\" style=\"--awb-margin-top:5%;--awb-margin-bottom:10%;--awb-font-size:28px;\"><h2 class=\"fusion-title-heading title-heading-left\" style=\"margin:0;font-size:1em;text-transform:none;line-height:1.5em;\">Venez d\u00e9couvrir les plus belles pi\u00e8ces de la Collection chez moi, avec un caf\u00e9.<\/h2><\/div><div class=\"fusion-text fusion-text-2\" style=\"--awb-font-size:14px;\"><p>997 route d&rsquo;Orange<br \/>\n84870 LORIOL-DU-COMTAT<\/p>\n<p style=\"color: #ff42aa;\">Prendre rendez-vous :<\/p>\n<p>06 17 51 55 19<\/p>\n<p>lespepitesdesandrillon@gmail.com<\/p>\n<\/div><div class=\"awb-openstreet-map awb-openstreet-map-1\" data-map-style=\"osm-carto\" data-map-type=\"marker\" data-zoom=\"14\" data-zoomsnap=\"1\" data-zoomcontrol=\"1\" data-scrollwheelzoom=\"1\" data-dragging=\"1\" data-touchzoom=\"1\" data-dbclickzoom=\"1\" data-fitbounds=\"1\" data-shape-color=\"rgba(251,207,56,1)\" data-shape-weight=\"3\"><div class=\"awb-openstreet-map-marker awb-openstreet-map-marker-1\" data-latitude=\"44.0771461\" data-longitude=\"4.9923539\" data-icon=\"fa-map-marker-alt fas\" data-action=\"popup\"><div class=\"awb-openstreet-map-marker-icon-wrapper\" style=\"\"><i class=\"fa-map-marker-alt fas\"><\/i><\/div><div class=\"awb-openstreet-map-content-wrapper\"><h5 class=\"awb-openstreet-map-marker-title\">Les p\u00e9pites de Sandrillon<\/h5><\/div><\/div><\/div><\/div><\/div><div class=\"fusion-layout-column fusion_builder_column fusion-builder-column-1 fusion_builder_column_2_3 2_3 fusion-flex-column\" style=\"--awb-bg-size:cover;--awb-width-large:66.666666666667%;--awb-margin-top-large:0px;--awb-spacing-right-large:2.88%;--awb-margin-bottom-large:0px;--awb-spacing-left-large:8.64%;--awb-width-medium:66.666666666667%;--awb-order-medium:0;--awb-spacing-right-medium:2.88%;--awb-spacing-left-medium:8.64%;--awb-width-small:100%;--awb-order-small:0;--awb-spacing-right-small:1.92%;--awb-spacing-left-small:1.92%;\"><div class=\"fusion-column-wrapper fusion-column-has-shadow fusion-flex-justify-content-flex-start fusion-content-layout-column\"><div class=\"fusion-form fusion-form-builder fusion-form-form-wrapper fusion-form-2523\" style=\"--awb-tooltip-text-color:#ffffff;--awb-tooltip-background-color:#333333;--awb-field-margin-top:15px;--awb-field-margin-bottom:15px;\" data-form-id=\"2523\" data-config=\"{&quot;form_id&quot;:&quot;2523&quot;,&quot;form_post_id&quot;:&quot;2523&quot;,&quot;post_id&quot;:2521,&quot;form_type&quot;:&quot;ajax&quot;,&quot;confirmation_type&quot;:&quot;&quot;,&quot;redirect_url&quot;:&quot;&quot;,&quot;field_labels&quot;:{&quot;first_name&quot;:&quot;Nom&quot;,&quot;email_address&quot;:&quot;Adresse mail&quot;,&quot;last_name&quot;:&quot;Pr\\u00e9nom&quot;,&quot;phone_number&quot;:&quot;T\\u00e9l\\u00e9phone&quot;,&quot;subject&quot;:&quot;objet&quot;,&quot;reason_of_inquiry&quot;:&quot;votre demande est relatif \\u00e0 &quot;,&quot;message&quot;:&quot;Message&quot;,&quot;newsletter&quot;:&quot;&quot;},&quot;field_logics&quot;:{&quot;first_name&quot;:&quot;&quot;,&quot;email_address&quot;:&quot;&quot;,&quot;last_name&quot;:&quot;&quot;,&quot;phone_number&quot;:&quot;&quot;,&quot;subject&quot;:&quot;&quot;,&quot;reason_of_inquiry&quot;:&quot;&quot;,&quot;message&quot;:&quot;&quot;,&quot;newsletter&quot;:&quot;&quot;,&quot;notice_1&quot;:&quot;&quot;},&quot;field_types&quot;:{&quot;first_name&quot;:&quot;text&quot;,&quot;email_address&quot;:&quot;email&quot;,&quot;last_name&quot;:&quot;text&quot;,&quot;phone_number&quot;:&quot;phone_number&quot;,&quot;subject&quot;:&quot;text&quot;,&quot;reason_of_inquiry&quot;:&quot;select&quot;,&quot;message&quot;:&quot;textarea&quot;,&quot;newsletter&quot;:&quot;consent&quot;,&quot;notice_1&quot;:&quot;notice&quot;,&quot;submit_1&quot;:&quot;submit&quot;},&quot;nonce_method&quot;:&quot;ajax&quot;}\"><form action=\"https:\/\/xn--lesppitesdesandrillon-e5b.com\/index.php\/contact\/\" method=\"method\" class=\"fusion-form fusion-form-2523\"><div class=\"fusion-fullwidth fullwidth-box fusion-builder-row-1-1 fusion-flex-container nonhundred-percent-fullwidth non-hundred-percent-height-scrolling\" style=\"--awb-border-radius-top-left:0px;--awb-border-radius-top-right:0px;--awb-border-radius-bottom-right:0px;--awb-border-radius-bottom-left:0px;--awb-flex-wrap:wrap;\" ><div class=\"fusion-builder-row fusion-row fusion-flex-align-items-flex-start fusion-flex-content-wrap\" style=\"width:104% !important;max-width:104% !important;margin-left: calc(-4% \/ 2 );margin-right: calc(-4% \/ 2 );\"><div class=\"fusion-layout-column fusion_builder_column fusion-builder-column-2 fusion_builder_column_1_2 1_2 fusion-flex-column\" style=\"--awb-bg-size:cover;--awb-width-large:50%;--awb-margin-top-large:0px;--awb-spacing-right-large:3.84%;--awb-margin-bottom-large:0px;--awb-spacing-left-large:3.84%;--awb-width-medium:50%;--awb-order-medium:0;--awb-spacing-right-medium:3.84%;--awb-spacing-left-medium:3.84%;--awb-width-small:100%;--awb-order-small:0;--awb-spacing-right-small:1.92%;--awb-spacing-left-small:1.92%;\"><div class=\"fusion-column-wrapper fusion-column-has-shadow fusion-flex-justify-content-flex-start fusion-content-layout-column\"><div class=\"fusion-form-field fusion-form-text-field fusion-form-label-above\" style=\"\" data-form-id=\"2523\"><div class=\"fusion-form-label-wrapper\"><label for=\"first_name\">Nom <abbr class=\"fusion-form-element-required\" title=\"required\">*<\/abbr><\/label><\/div><input type=\"text\" name=\"first_name\" id=\"first_name\" value=\"\"  class=\"fusion-form-input\" required=\"true\" aria-required=\"true\" data-holds-private-data=\"false\" minlength=\"0\"\/><\/div><div class=\"fusion-form-field fusion-form-email-field fusion-form-label-above\" style=\"\" data-form-id=\"2523\"><div class=\"fusion-form-label-wrapper\"><label for=\"email_address\">Adresse mail <abbr class=\"fusion-form-element-required\" title=\"required\">*<\/abbr><\/label><\/div><div class=\"fusion-form-input-with-icon\"><i class=\"awb-form-icon retail-envelope\"><\/i><input type=\"email\" name=\"email_address\" id=\"email_address\" value=\"\"  class=\"fusion-form-input\" required=\"true\" aria-required=\"true\" data-holds-private-data=\"false\"\/><\/div><\/div><\/div><\/div><div class=\"fusion-layout-column fusion_builder_column fusion-builder-column-3 fusion_builder_column_1_2 1_2 fusion-flex-column\" style=\"--awb-bg-size:cover;--awb-width-large:50%;--awb-margin-top-large:0px;--awb-spacing-right-large:3.84%;--awb-margin-bottom-large:0px;--awb-spacing-left-large:3.84%;--awb-width-medium:50%;--awb-order-medium:0;--awb-spacing-right-medium:3.84%;--awb-spacing-left-medium:3.84%;--awb-width-small:100%;--awb-order-small:0;--awb-spacing-right-small:1.92%;--awb-spacing-left-small:1.92%;\"><div class=\"fusion-column-wrapper fusion-column-has-shadow fusion-flex-justify-content-flex-start fusion-content-layout-column\"><div class=\"fusion-form-field fusion-form-text-field fusion-form-label-above\" style=\"\" data-form-id=\"2523\"><div class=\"fusion-form-label-wrapper\"><label for=\"last_name\">Pr\u00e9nom<\/label><\/div><input type=\"text\" name=\"last_name\" id=\"last_name\" value=\"\"  class=\"fusion-form-input\" data-holds-private-data=\"false\" minlength=\"0\"\/><\/div><div class=\"fusion-form-field fusion-form-phone-number-field fusion-form-label-above\" style=\"\" data-form-id=\"2523\"><div class=\"fusion-form-label-wrapper\"><label for=\"phone_number\">T\u00e9l\u00e9phone<\/label><\/div><div class=\"fusion-form-input-with-icon\"><i class=\"awb-form-icon retail-phone\"><\/i><input type=\"tel\" name=\"phone_number\" id=\"phone_number\" value=\"\"  class=\"fusion-form-input\" data-holds-private-data=\"false\"\/><\/div><\/div><\/div><\/div><div class=\"fusion-layout-column fusion_builder_column fusion-builder-column-4 fusion_builder_column_1_1 1_1 fusion-flex-column\" style=\"--awb-bg-size:cover;--awb-width-large:100%;--awb-margin-top-large:0px;--awb-spacing-right-large:1.92%;--awb-margin-bottom-large:0px;--awb-spacing-left-large:1.92%;--awb-width-medium:100%;--awb-order-medium:0;--awb-spacing-right-medium:1.92%;--awb-spacing-left-medium:1.92%;--awb-width-small:100%;--awb-order-small:0;--awb-spacing-right-small:1.92%;--awb-spacing-left-small:1.92%;\"><div class=\"fusion-column-wrapper fusion-column-has-shadow fusion-flex-justify-content-flex-start fusion-content-layout-column\"><div class=\"fusion-form-field fusion-form-text-field fusion-form-label-above\" style=\"\" data-form-id=\"2523\"><div class=\"fusion-form-label-wrapper\"><label for=\"subject\">objet<\/label><\/div><input type=\"text\" name=\"subject\" id=\"subject\" value=\"\"  class=\"fusion-form-input\" data-holds-private-data=\"false\" minlength=\"0\"\/><\/div><div class=\"fusion-form-field fusion-form-select-field fusion-form-label-above\" style=\"\" data-form-id=\"2523\"><label for=\"reason_of_inquiry\">votre demande est relatif \u00e0  <abbr class=\"fusion-form-element-required\" title=\"required\">*<\/abbr><\/label><div class=\"fusion-select-wrapper\"><select tabindex=\"\" id=\"reason_of_inquiry\" name=\"reason_of_inquiry\" class=\"fusion-form-input\" required=\"true\" aria-required=\"true\" data-holds-private-data=\"false\"><option value=\"Livraison\" >Livraison<\/option><option value=\"Paiement\" >Paiement<\/option><option value=\"Litige\" >Litige<\/option><option value=\"Rendez-vous en boutique\" >Rendez-vous en boutique<\/option><option value=\"Autre\" >Autre<\/option><\/select><div class=\"select-arrow\"><svg width=\"12\" height=\"8\" viewBox=\"0 0 12 8\" fill=\"none\" xmlns=\"http:\/\/www.w3.org\/2000\/svg\"> <path d=\"M1.5 1.75L6 6.25L10.5 1.75\" stroke=\"#6D6D6D\" stroke-width=\"2\" stroke-linecap=\"round\" stroke-linejoin=\"round\"\/> <\/svg><\/div><\/div><\/div><div class=\"fusion-form-field fusion-form-textarea-field fusion-form-label-above\" style=\"\" data-form-id=\"2523\"><label for=\"message\">Message <abbr class=\"fusion-form-element-required\" title=\"required\">*<\/abbr><\/label><textarea cols=\"40\"  minlength=\"0\"  rows=\"4\" tabindex=\"\" id=\"message\" name=\"message\" class=\"fusion-form-input\" required=\"true\" aria-required=\"true\" data-holds-private-data=\"false\"><\/textarea><\/div><div class=\"fusion-form-field fusion-form-consent-field fusion-form-label-above\" style=\"\" data-form-id=\"2523\"><div class=\"fusion-form-checkbox option-inline\"><input tabindex=\"\" id=\"newsletter\" type=\"checkbox\" value=\"1\" name=\"newsletter\" class=\"fusion-form-input\"\/><label for=\"newsletter\">J'accepte les conditions g\u00e9n\u00e9rales et la politique de confidentialit\u00e9<\/label><\/div><\/div><div class=\"form-submission-notices data-notice_1\" id=\"fusion-notices-1\"><div class=\"fusion-alert alert success alert-success fusion-alert-center fusion-form-response fusion-form-response-success awb-alert-native-link-color alert-dismissable awb-alert-close-boxed\" role=\"alert\"><div class=\"fusion-alert-content-wrapper\"><span class=\"alert-icon\"><i class=\"awb-icon-check-circle\" aria-hidden=\"true\"><\/i><\/span><span class=\"fusion-alert-content\">Merci, votre message a bien \u00e9t\u00e9 envoy\u00e9<\/span><\/div><button type=\"button\" class=\"close toggle-alert\" data-dismiss=\"alert\" aria-label=\"Close\">&times;<\/button><\/div><div class=\"fusion-alert alert error alert-danger fusion-alert-center fusion-form-response fusion-form-response-error awb-alert-native-link-color alert-dismissable awb-alert-close-boxed\" role=\"alert\"><div class=\"fusion-alert-content-wrapper\"><span class=\"alert-icon\"><i class=\"awb-icon-exclamation-triangle\" aria-hidden=\"true\"><\/i><\/span><span class=\"fusion-alert-content\">Un incident s'est produit lors de l'envoi de votre mail, veuillez r\u00e9essayer ou pr\u00e9f\u00e9rez une autre m\u00e9thode pour nous contacter<\/span><\/div><button type=\"button\" class=\"close toggle-alert\" data-dismiss=\"alert\" aria-label=\"Close\">&times;<\/button><\/div><\/div><div class=\"fusion-form-field fusion-form-submit-field fusion-form-label-above\" style=\"\" data-form-id=\"2523\"><div ><button type=\"submit\" class=\"fusion-button button-flat fusion-button-default-size button-default fusion-button-default button-1 fusion-button-default-span  form-form-submit button-default\" data-form-number=\"2523\" tabindex=\"\"><span class=\"fusion-button-text\">ENVOYER<\/span><\/button><\/div><\/div><\/div><\/div><\/div><\/div><\/form><\/div><\/div><\/div><\/div><\/div>\n","protected":false},"excerpt":{"rendered":"","protected":false},"author":1,"featured_media":0,"parent":0,"menu_order":0,"comment_status":"closed","ping_status":"closed","template":"100-width.php","meta":{"footnotes":""},"class_list":["post-2521","page","type-page","status-publish","hentry"],"yoast_head":"<!-- This site is optimized with the Yoast SEO plugin v27.5 - https:\/\/yoast.com\/product\/yoast-seo-wordpress\/ -->\n<title>Contact - Les p\u00e9pites de Sandrillon<\/title>\n<meta name=\"robots\" content=\"index, follow, max-snippet:-1, max-image-preview:large, max-video-preview:-1\" \/>\n<link rel=\"canonical\" href=\"https:\/\/xn--lesppitesdesandrillon-e5b.com\/index.php\/contact\/\" \/>\n<meta property=\"og:locale\" content=\"fr_FR\" \/>\n<meta property=\"og:type\" content=\"article\" \/>\n<meta property=\"og:title\" content=\"Contact - Les p\u00e9pites de Sandrillon\" \/>\n<meta property=\"og:url\" content=\"https:\/\/xn--lesppitesdesandrillon-e5b.com\/index.php\/contact\/\" \/>\n<meta property=\"og:site_name\" content=\"Les p\u00e9pites de Sandrillon\" \/>\n<meta property=\"article:modified_time\" content=\"2024-07-16T19:47:25+00:00\" \/>\n<meta name=\"twitter:card\" content=\"summary_large_image\" \/>\n<meta name=\"twitter:label1\" content=\"Dur\u00e9e de lecture estim\u00e9e\" \/>\n\t<meta name=\"twitter:data1\" content=\"4 minutes\" \/>\n<script type=\"application\/ld+json\" class=\"yoast-schema-graph\">{\"@context\":\"https:\\\/\\\/schema.org\",\"@graph\":[{\"@type\":\"WebPage\",\"@id\":\"https:\\\/\\\/xn--lesppitesdesandrillon-e5b.com\\\/index.php\\\/contact\\\/\",\"url\":\"https:\\\/\\\/xn--lesppitesdesandrillon-e5b.com\\\/index.php\\\/contact\\\/\",\"name\":\"Contact - Les p\u00e9pites de Sandrillon\",\"isPartOf\":{\"@id\":\"https:\\\/\\\/xn--lesppitesdesandrillon-e5b.com\\\/#website\"},\"datePublished\":\"2021-03-09T14:52:56+00:00\",\"dateModified\":\"2024-07-16T19:47:25+00:00\",\"breadcrumb\":{\"@id\":\"https:\\\/\\\/xn--lesppitesdesandrillon-e5b.com\\\/index.php\\\/contact\\\/#breadcrumb\"},\"inLanguage\":\"fr-FR\",\"potentialAction\":[{\"@type\":\"ReadAction\",\"target\":[\"https:\\\/\\\/xn--lesppitesdesandrillon-e5b.com\\\/index.php\\\/contact\\\/\"]}]},{\"@type\":\"BreadcrumbList\",\"@id\":\"https:\\\/\\\/xn--lesppitesdesandrillon-e5b.com\\\/index.php\\\/contact\\\/#breadcrumb\",\"itemListElement\":[{\"@type\":\"ListItem\",\"position\":1,\"name\":\"Accueil\",\"item\":\"https:\\\/\\\/xn--lesppitesdesandrillon-e5b.com\\\/\"},{\"@type\":\"ListItem\",\"position\":2,\"name\":\"Contact\"}]},{\"@type\":\"WebSite\",\"@id\":\"https:\\\/\\\/xn--lesppitesdesandrillon-e5b.com\\\/#website\",\"url\":\"https:\\\/\\\/xn--lesppitesdesandrillon-e5b.com\\\/\",\"name\":\"Les p\u00e9pites de Sandrillon\",\"description\":\"Un site utilisant WordPress\",\"potentialAction\":[{\"@type\":\"SearchAction\",\"target\":{\"@type\":\"EntryPoint\",\"urlTemplate\":\"https:\\\/\\\/xn--lesppitesdesandrillon-e5b.com\\\/?s={search_term_string}\"},\"query-input\":{\"@type\":\"PropertyValueSpecification\",\"valueRequired\":true,\"valueName\":\"search_term_string\"}}],\"inLanguage\":\"fr-FR\"}]}<\/script>\n<!-- \/ Yoast SEO plugin. -->","yoast_head_json":{"title":"Contact - Les p\u00e9pites de Sandrillon","robots":{"index":"index","follow":"follow","max-snippet":"max-snippet:-1","max-image-preview":"max-image-preview:large","max-video-preview":"max-video-preview:-1"},"canonical":"https:\/\/xn--lesppitesdesandrillon-e5b.com\/index.php\/contact\/","og_locale":"fr_FR","og_type":"article","og_title":"Contact - Les p\u00e9pites de Sandrillon","og_url":"https:\/\/xn--lesppitesdesandrillon-e5b.com\/index.php\/contact\/","og_site_name":"Les p\u00e9pites de Sandrillon","article_modified_time":"2024-07-16T19:47:25+00:00","twitter_card":"summary_large_image","twitter_misc":{"Dur\u00e9e de lecture estim\u00e9e":"4 minutes"},"schema":{"@context":"https:\/\/schema.org","@graph":[{"@type":"WebPage","@id":"https:\/\/xn--lesppitesdesandrillon-e5b.com\/index.php\/contact\/","url":"https:\/\/xn--lesppitesdesandrillon-e5b.com\/index.php\/contact\/","name":"Contact - Les p\u00e9pites de Sandrillon","isPartOf":{"@id":"https:\/\/xn--lesppitesdesandrillon-e5b.com\/#website"},"datePublished":"2021-03-09T14:52:56+00:00","dateModified":"2024-07-16T19:47:25+00:00","breadcrumb":{"@id":"https:\/\/xn--lesppitesdesandrillon-e5b.com\/index.php\/contact\/#breadcrumb"},"inLanguage":"fr-FR","potentialAction":[{"@type":"ReadAction","target":["https:\/\/xn--lesppitesdesandrillon-e5b.com\/index.php\/contact\/"]}]},{"@type":"BreadcrumbList","@id":"https:\/\/xn--lesppitesdesandrillon-e5b.com\/index.php\/contact\/#breadcrumb","itemListElement":[{"@type":"ListItem","position":1,"name":"Accueil","item":"https:\/\/xn--lesppitesdesandrillon-e5b.com\/"},{"@type":"ListItem","position":2,"name":"Contact"}]},{"@type":"WebSite","@id":"https:\/\/xn--lesppitesdesandrillon-e5b.com\/#website","url":"https:\/\/xn--lesppitesdesandrillon-e5b.com\/","name":"Les p\u00e9pites de Sandrillon","description":"Un site utilisant WordPress","potentialAction":[{"@type":"SearchAction","target":{"@type":"EntryPoint","urlTemplate":"https:\/\/xn--lesppitesdesandrillon-e5b.com\/?s={search_term_string}"},"query-input":{"@type":"PropertyValueSpecification","valueRequired":true,"valueName":"search_term_string"}}],"inLanguage":"fr-FR"}]}},"jetpack_sharing_enabled":true,"_links":{"self":[{"href":"https:\/\/xn--lesppitesdesandrillon-e5b.com\/index.php\/wp-json\/wp\/v2\/pages\/2521","targetHints":{"allow":["GET"]}}],"collection":[{"href":"https:\/\/xn--lesppitesdesandrillon-e5b.com\/index.php\/wp-json\/wp\/v2\/pages"}],"about":[{"href":"https:\/\/xn--lesppitesdesandrillon-e5b.com\/index.php\/wp-json\/wp\/v2\/types\/page"}],"author":[{"embeddable":true,"href":"https:\/\/xn--lesppitesdesandrillon-e5b.com\/index.php\/wp-json\/wp\/v2\/users\/1"}],"replies":[{"embeddable":true,"href":"https:\/\/xn--lesppitesdesandrillon-e5b.com\/index.php\/wp-json\/wp\/v2\/comments?post=2521"}],"version-history":[{"count":4,"href":"https:\/\/xn--lesppitesdesandrillon-e5b.com\/index.php\/wp-json\/wp\/v2\/pages\/2521\/revisions"}],"predecessor-version":[{"id":5208,"href":"https:\/\/xn--lesppitesdesandrillon-e5b.com\/index.php\/wp-json\/wp\/v2\/pages\/2521\/revisions\/5208"}],"wp:attachment":[{"href":"https:\/\/xn--lesppitesdesandrillon-e5b.com\/index.php\/wp-json\/wp\/v2\/media?parent=2521"}],"curies":[{"name":"wp","href":"https:\/\/api.w.org\/{rel}","templated":true}]}}