{"id":4863,"date":"2024-07-12T15:42:46","date_gmt":"2024-07-12T13:42:46","guid":{"rendered":"https:\/\/xn--lesppitesdesandrillon-e5b.com\/?page_id=4863"},"modified":"2024-07-12T16:03:39","modified_gmt":"2024-07-12T14:03:39","slug":"les-dernieres-pepites","status":"publish","type":"page","link":"https:\/\/xn--lesppitesdesandrillon-e5b.com\/index.php\/les-dernieres-pepites\/","title":{"rendered":"Les derni\u00e8res p\u00e9pites"},"content":{"rendered":"<div class=\"fusion-fullwidth fullwidth-box fusion-builder-row-1 fusion-flex-container has-pattern-background has-mask-background nonhundred-percent-fullwidth non-hundred-percent-height-scrolling\" style=\"--awb-border-radius-top-left:0px;--awb-border-radius-top-right:0px;--awb-border-radius-bottom-right:0px;--awb-border-radius-bottom-left:0px;--awb-flex-wrap:wrap;\" ><div class=\"fusion-builder-row fusion-row fusion-flex-align-items-flex-start fusion-flex-content-wrap\" style=\"max-width:1430px;margin-left: calc(-4% \/ 2 );margin-right: calc(-4% \/ 2 );\"><\/div><\/div>\n","protected":false},"excerpt":{"rendered":"","protected":false},"author":1,"featured_media":0,"parent":0,"menu_order":0,"comment_status":"closed","ping_status":"closed","template":"","meta":{"footnotes":""},"class_list":["post-4863","page","type-page","status-publish","hentry"],"yoast_head":"<!-- This site is optimized with the Yoast SEO plugin v27.5 - https:\/\/yoast.com\/product\/yoast-seo-wordpress\/ -->\n<title>Les derni\u00e8res p\u00e9pites - Les p\u00e9pites de Sandrillon<\/title>\n<meta name=\"robots\" content=\"index, follow, max-snippet:-1, max-image-preview:large, max-video-preview:-1\" \/>\n<link rel=\"canonical\" href=\"https:\/\/xn--lesppitesdesandrillon-e5b.com\/index.php\/les-dernieres-pepites\/\" \/>\n<meta property=\"og:locale\" content=\"fr_FR\" \/>\n<meta property=\"og:type\" content=\"article\" \/>\n<meta property=\"og:title\" content=\"Les derni\u00e8res p\u00e9pites - Les p\u00e9pites de Sandrillon\" \/>\n<meta property=\"og:url\" content=\"https:\/\/xn--lesppitesdesandrillon-e5b.com\/index.php\/les-dernieres-pepites\/\" \/>\n<meta property=\"og:site_name\" content=\"Les p\u00e9pites de Sandrillon\" \/>\n<meta property=\"article:modified_time\" content=\"2024-07-12T14:03:39+00:00\" \/>\n<meta name=\"twitter:card\" content=\"summary_large_image\" \/>\n<meta name=\"twitter:label1\" content=\"Dur\u00e9e de lecture estim\u00e9e\" \/>\n\t<meta name=\"twitter:data1\" content=\"2 minutes\" \/>\n<script type=\"application\/ld+json\" class=\"yoast-schema-graph\">{\"@context\":\"https:\\\/\\\/schema.org\",\"@graph\":[{\"@type\":\"WebPage\",\"@id\":\"https:\\\/\\\/xn--lesppitesdesandrillon-e5b.com\\\/index.php\\\/les-dernieres-pepites\\\/\",\"url\":\"https:\\\/\\\/xn--lesppitesdesandrillon-e5b.com\\\/index.php\\\/les-dernieres-pepites\\\/\",\"name\":\"Les derni\u00e8res p\u00e9pites - Les p\u00e9pites de Sandrillon\",\"isPartOf\":{\"@id\":\"https:\\\/\\\/xn--lesppitesdesandrillon-e5b.com\\\/#website\"},\"datePublished\":\"2024-07-12T13:42:46+00:00\",\"dateModified\":\"2024-07-12T14:03:39+00:00\",\"breadcrumb\":{\"@id\":\"https:\\\/\\\/xn--lesppitesdesandrillon-e5b.com\\\/index.php\\\/les-dernieres-pepites\\\/#breadcrumb\"},\"inLanguage\":\"fr-FR\",\"potentialAction\":[{\"@type\":\"ReadAction\",\"target\":[\"https:\\\/\\\/xn--lesppitesdesandrillon-e5b.com\\\/index.php\\\/les-dernieres-pepites\\\/\"]}]},{\"@type\":\"BreadcrumbList\",\"@id\":\"https:\\\/\\\/xn--lesppitesdesandrillon-e5b.com\\\/index.php\\\/les-dernieres-pepites\\\/#breadcrumb\",\"itemListElement\":[{\"@type\":\"ListItem\",\"position\":1,\"name\":\"Accueil\",\"item\":\"https:\\\/\\\/xn--lesppitesdesandrillon-e5b.com\\\/\"},{\"@type\":\"ListItem\",\"position\":2,\"name\":\"Les derni\u00e8res p\u00e9pites\"}]},{\"@type\":\"WebSite\",\"@id\":\"https:\\\/\\\/xn--lesppitesdesandrillon-e5b.com\\\/#website\",\"url\":\"https:\\\/\\\/xn--lesppitesdesandrillon-e5b.com\\\/\",\"name\":\"Les p\u00e9pites de Sandrillon\",\"description\":\"Un site utilisant WordPress\",\"potentialAction\":[{\"@type\":\"SearchAction\",\"target\":{\"@type\":\"EntryPoint\",\"urlTemplate\":\"https:\\\/\\\/xn--lesppitesdesandrillon-e5b.com\\\/?s={search_term_string}\"},\"query-input\":{\"@type\":\"PropertyValueSpecification\",\"valueRequired\":true,\"valueName\":\"search_term_string\"}}],\"inLanguage\":\"fr-FR\"}]}<\/script>\n<!-- \/ Yoast SEO plugin. -->","yoast_head_json":{"title":"Les derni\u00e8res p\u00e9pites - Les p\u00e9pites de Sandrillon","robots":{"index":"index","follow":"follow","max-snippet":"max-snippet:-1","max-image-preview":"max-image-preview:large","max-video-preview":"max-video-preview:-1"},"canonical":"https:\/\/xn--lesppitesdesandrillon-e5b.com\/index.php\/les-dernieres-pepites\/","og_locale":"fr_FR","og_type":"article","og_title":"Les derni\u00e8res p\u00e9pites - Les p\u00e9pites de Sandrillon","og_url":"https:\/\/xn--lesppitesdesandrillon-e5b.com\/index.php\/les-dernieres-pepites\/","og_site_name":"Les p\u00e9pites de Sandrillon","article_modified_time":"2024-07-12T14:03:39+00:00","twitter_card":"summary_large_image","twitter_misc":{"Dur\u00e9e de lecture estim\u00e9e":"2 minutes"},"schema":{"@context":"https:\/\/schema.org","@graph":[{"@type":"WebPage","@id":"https:\/\/xn--lesppitesdesandrillon-e5b.com\/index.php\/les-dernieres-pepites\/","url":"https:\/\/xn--lesppitesdesandrillon-e5b.com\/index.php\/les-dernieres-pepites\/","name":"Les derni\u00e8res p\u00e9pites - Les p\u00e9pites de Sandrillon","isPartOf":{"@id":"https:\/\/xn--lesppitesdesandrillon-e5b.com\/#website"},"datePublished":"2024-07-12T13:42:46+00:00","dateModified":"2024-07-12T14:03:39+00:00","breadcrumb":{"@id":"https:\/\/xn--lesppitesdesandrillon-e5b.com\/index.php\/les-dernieres-pepites\/#breadcrumb"},"inLanguage":"fr-FR","potentialAction":[{"@type":"ReadAction","target":["https:\/\/xn--lesppitesdesandrillon-e5b.com\/index.php\/les-dernieres-pepites\/"]}]},{"@type":"BreadcrumbList","@id":"https:\/\/xn--lesppitesdesandrillon-e5b.com\/index.php\/les-dernieres-pepites\/#breadcrumb","itemListElement":[{"@type":"ListItem","position":1,"name":"Accueil","item":"https:\/\/xn--lesppitesdesandrillon-e5b.com\/"},{"@type":"ListItem","position":2,"name":"Les derni\u00e8res p\u00e9pites"}]},{"@type":"WebSite","@id":"https:\/\/xn--lesppitesdesandrillon-e5b.com\/#website","url":"https:\/\/xn--lesppitesdesandrillon-e5b.com\/","name":"Les p\u00e9pites de Sandrillon","description":"Un site utilisant WordPress","potentialAction":[{"@type":"SearchAction","target":{"@type":"EntryPoint","urlTemplate":"https:\/\/xn--lesppitesdesandrillon-e5b.com\/?s={search_term_string}"},"query-input":{"@type":"PropertyValueSpecification","valueRequired":true,"valueName":"search_term_string"}}],"inLanguage":"fr-FR"}]}},"jetpack_sharing_enabled":true,"_links":{"self":[{"href":"https:\/\/xn--lesppitesdesandrillon-e5b.com\/index.php\/wp-json\/wp\/v2\/pages\/4863","targetHints":{"allow":["GET"]}}],"collection":[{"href":"https:\/\/xn--lesppitesdesandrillon-e5b.com\/index.php\/wp-json\/wp\/v2\/pages"}],"about":[{"href":"https:\/\/xn--lesppitesdesandrillon-e5b.com\/index.php\/wp-json\/wp\/v2\/types\/page"}],"author":[{"embeddable":true,"href":"https:\/\/xn--lesppitesdesandrillon-e5b.com\/index.php\/wp-json\/wp\/v2\/users\/1"}],"replies":[{"embeddable":true,"href":"https:\/\/xn--lesppitesdesandrillon-e5b.com\/index.php\/wp-json\/wp\/v2\/comments?post=4863"}],"version-history":[{"count":3,"href":"https:\/\/xn--lesppitesdesandrillon-e5b.com\/index.php\/wp-json\/wp\/v2\/pages\/4863\/revisions"}],"predecessor-version":[{"id":4881,"href":"https:\/\/xn--lesppitesdesandrillon-e5b.com\/index.php\/wp-json\/wp\/v2\/pages\/4863\/revisions\/4881"}],"wp:attachment":[{"href":"https:\/\/xn--lesppitesdesandrillon-e5b.com\/index.php\/wp-json\/wp\/v2\/media?parent=4863"}],"curies":[{"name":"wp","href":"https:\/\/api.w.org\/{rel}","templated":true}]}}